{"id":636,"date":"2023-04-19T15:32:27","date_gmt":"2023-04-19T19:32:27","guid":{"rendered":"https:\/\/westcliff.ca\/carrieres\/"},"modified":"2023-11-29T15:36:14","modified_gmt":"2023-11-29T20:36:14","slug":"career","status":"publish","type":"page","link":"https:\/\/westcliff.ca\/en\/career\/","title":{"rendered":"Careers"},"content":{"rendered":"\r\n    <section class=\"job-offers\"  id=\"job-offers\" >\r\n        <div class=\"wrapper || mx-6 mb-20 || lg:gap-y-0 lg:row-start-1 lg:grid-col xl:mx-16\">\r\n                            <h2 class=\"text-h2 || mb-6 || lg:col-start-1 lg:col-end-7 xl:col-end-6\">Unlock the doors to your future!<\/h2>\r\n                                        <div class=\"body-text || mb-20 || lg:row-start-2 lg:col-start-1 lg:col-end-7 xl:col-end-6\">\r\n                    <p>Want to work for a caring, dynamic, and well-established company where you can develop your full potential? Check out our vacancies and take your career to the next level!<\/p>\n                <\/div>\r\n                        <div class=\"filters || flex flex-col items-center gap-10 || sm:flex-row lg:row-start-3 lg:col-start-1 lg:col-end-6 xl:col-end-5\">\r\n                                    <div class=\"cat-filter || flex flex-col gap-4 w-full || sm:basis-[250px]\">\r\n                        <label for=\"cat-select\" class=\"subtitle\">Categories<\/label>\r\n                        <div class=\"w-full relative before:content-[''] before:absolute before:bottom-0 before:left-0 before:w-full before:h-px before:bg-black after:content-[url(..\/assets\/svg\/chevron.svg)] after:absolute after:right-0 after:top-1\/2 after:-translate-y-1\/2 after:pointer-events-none\">\r\n    <select id=\"cat-select\" class=\"min-w-[270px] body-text w-full py-[3px] appearance-none focus:outline-none\" type=\"text\" name=\"cat-select\">\r\n        <option value=\"all\">All categories<\/option>\r\n                    <option value=\"Comptabilit\u00e9\/Finance\">Comptabilit\u00e9\/Finance<\/option>\r\n                    <option value=\"Gestion\">Gestion<\/option>\r\n                    <option value=\"Op\u00e9rations \/ Exploitation\">Op\u00e9rations \/ Exploitation<\/option>\r\n                    <option value=\"L\u00e9gal\">L\u00e9gal<\/option>\r\n            <\/select>\r\n<\/div>                    <\/div>\r\n                    <div class=\"place-filter || flex flex-col gap-4 w-full || sm:basis-[250px]\">\r\n                        <label for=\"place-select\" class=\"subtitle\">Place<\/label>\r\n                        <div class=\"w-full relative before:content-[''] before:absolute before:bottom-0 before:left-0 before:w-full before:h-px before:bg-black after:content-[url(..\/assets\/svg\/chevron.svg)] after:absolute after:right-0 after:top-1\/2 after:-translate-y-1\/2 after:pointer-events-none\">\r\n    <select id=\"place-select\" class=\"min-w-[270px] body-text w-full py-[3px] appearance-none focus:outline-none\" type=\"text\" name=\"place-select\">\r\n        <option value=\"all\">All places<\/option>\r\n                    <option value=\"Montr\u00e9al\">Montr\u00e9al<\/option>\r\n                    <option value=\"Toronto\">Toronto<\/option>\r\n                    <option value=\"Sept-\u00celes\">Sept-\u00celes<\/option>\r\n            <\/select>\r\n<\/div>                    <\/div>\r\n                            <\/div>\r\n        <\/div>\r\n        <div class=\"offers || mx-6 max-w-[2560px] || xl:mx-16\">\r\n            <div class=\"offers-title ||  grid grid-cols-12 gap-3\">\r\n    <p class=\"subtitle || hidden pb-4 row-start-1 col-span-5 || md:block\">Job<\/p>\r\n    <p class=\"subtitle || hidden pb-4 row-start-1 col-span-3 || md:block\">Category<\/p>\r\n    <p class=\"subtitle || hidden pb-4 row-start-1 || md:block\">Place<\/p>\r\n<\/div>\r\n<div class=\"offers-content\">\r\n            <a data-hide='false' class=\"offer || grid grid-cols-12 items-center relative gap-3 border-t-black\/30 border-t border-solid py-6 pb-16 col-start-1 || md:py-6 \" href=\" https:\/\/jobs.glowinthecloud.com\/westcliff\/20260401002?l=fr\">\r\n    <p class=\"large-text || col-start-1 row-start-1 whitespace-normal col-span-full || md:col-span-5\">Superviseur.e comptabilit\u00e9 entreprise<\/p>\r\n    <p data-category=\"Comptabilit\u00e9\/Finance\" class=\"subtitle || row-start-2 whitespace-normal col-span-full || md:col-span-3 md:row-start-1\">Comptabilit\u00e9\/Finance<\/p>\r\n    <p data-place=\"Montr\u00e9al\" class=\"subtitle || row-start-3 whitespace-normal col-span-full || md:col-span-2 md:row-start-1\">Montr\u00e9al<\/p>\r\n    <button class=\"btn-underline-arrow-black || absolute row-start-4 whitespace-nowrap || md:relative md:col-span-2 md:justify-self-end md:col-start-auto md:row-start-1\">\r\n        <span class=\"md:hidden lg:inline-block\">See more<\/span>\r\n        <svg width=\"14\" height=\"14\" viewBox=\"0 0 14 14\" fill=\"none\" xmlns=\"http:\/\/www.w3.org\/2000\/svg\">\r\n<path d=\"M1.26453 0.75H1.01453V1V1.74733V1.99733H1.26453H11.1201L0.823217 12.2949L0.646453 12.4717L0.823223 12.6484L1.35156 13.1768L1.52834 13.3536L1.70511 13.1768L12.0027 2.87923V12.7355V12.9855H12.2527H13H13.25V12.7355V1V0.75H13H1.26453Z\" fill=\"black\" stroke=\"black\" stroke-width=\"0.5\"\/>\r\n<\/svg>\r\n    <\/button>\r\n<\/a>            <a data-hide='false' class=\"offer || grid grid-cols-12 items-center relative gap-3 border-t-black\/30 border-t border-solid py-6 pb-16 col-start-1 || md:py-6 \" href=\" https:\/\/jobs.glowinthecloud.com\/westcliff\/20260401001?l=fr\">\r\n    <p class=\"large-text || col-start-1 row-start-1 whitespace-normal col-span-full || md:col-span-5\">General Manager &#8211; Office portfolio (GTA)<\/p>\r\n    <p data-category=\"Gestion\" class=\"subtitle || row-start-2 whitespace-normal col-span-full || md:col-span-3 md:row-start-1\">Gestion<\/p>\r\n    <p data-place=\"Toronto\" class=\"subtitle || row-start-3 whitespace-normal col-span-full || md:col-span-2 md:row-start-1\">Toronto<\/p>\r\n    <button class=\"btn-underline-arrow-black || absolute row-start-4 whitespace-nowrap || md:relative md:col-span-2 md:justify-self-end md:col-start-auto md:row-start-1\">\r\n        <span class=\"md:hidden lg:inline-block\">See more<\/span>\r\n        <svg width=\"14\" height=\"14\" viewBox=\"0 0 14 14\" fill=\"none\" xmlns=\"http:\/\/www.w3.org\/2000\/svg\">\r\n<path d=\"M1.26453 0.75H1.01453V1V1.74733V1.99733H1.26453H11.1201L0.823217 12.2949L0.646453 12.4717L0.823223 12.6484L1.35156 13.1768L1.52834 13.3536L1.70511 13.1768L12.0027 2.87923V12.7355V12.9855H12.2527H13H13.25V12.7355V1V0.75H13H1.26453Z\" fill=\"black\" stroke=\"black\" stroke-width=\"0.5\"\/>\r\n<\/svg>\r\n    <\/button>\r\n<\/a>            <a data-hide='false' class=\"offer || grid grid-cols-12 items-center relative gap-3 border-t-black\/30 border-t border-solid py-6 pb-16 col-start-1 || md:py-6 \" href=\" https:\/\/jobs.glowinthecloud.com\/westcliff\/20260323001?l=fr\">\r\n    <p class=\"large-text || col-start-1 row-start-1 whitespace-normal col-span-full || md:col-span-5\">Directeur, gestion de portefeuille<\/p>\r\n    <p data-category=\"Op\u00e9rations \/ Exploitation\" class=\"subtitle || row-start-2 whitespace-normal col-span-full || md:col-span-3 md:row-start-1\">Op\u00e9rations \/ Exploitation<\/p>\r\n    <p data-place=\"Montr\u00e9al\" class=\"subtitle || row-start-3 whitespace-normal col-span-full || md:col-span-2 md:row-start-1\">Montr\u00e9al<\/p>\r\n    <button class=\"btn-underline-arrow-black || absolute row-start-4 whitespace-nowrap || md:relative md:col-span-2 md:justify-self-end md:col-start-auto md:row-start-1\">\r\n        <span class=\"md:hidden lg:inline-block\">See more<\/span>\r\n        <svg width=\"14\" height=\"14\" viewBox=\"0 0 14 14\" fill=\"none\" xmlns=\"http:\/\/www.w3.org\/2000\/svg\">\r\n<path d=\"M1.26453 0.75H1.01453V1V1.74733V1.99733H1.26453H11.1201L0.823217 12.2949L0.646453 12.4717L0.823223 12.6484L1.35156 13.1768L1.52834 13.3536L1.70511 13.1768L12.0027 2.87923V12.7355V12.9855H12.2527H13H13.25V12.7355V1V0.75H13H1.26453Z\" fill=\"black\" stroke=\"black\" stroke-width=\"0.5\"\/>\r\n<\/svg>\r\n    <\/button>\r\n<\/a>            <a data-hide='false' class=\"offer || grid grid-cols-12 items-center relative gap-3 border-t-black\/30 border-t border-solid py-6 pb-16 col-start-1 || md:py-6 \" href=\" https:\/\/jobs.glowinthecloud.com\/westcliff\/20260202001\">\r\n    <p class=\"large-text || col-start-1 row-start-1 whitespace-normal col-span-full || md:col-span-5\">Gestionnaire, FP&#038;A<\/p>\r\n    <p data-category=\"Op\u00e9rations \/ Exploitation\" class=\"subtitle || row-start-2 whitespace-normal col-span-full || md:col-span-3 md:row-start-1\">Op\u00e9rations \/ Exploitation<\/p>\r\n    <p data-place=\"Montr\u00e9al\" class=\"subtitle || row-start-3 whitespace-normal col-span-full || md:col-span-2 md:row-start-1\">Montr\u00e9al<\/p>\r\n    <button class=\"btn-underline-arrow-black || absolute row-start-4 whitespace-nowrap || md:relative md:col-span-2 md:justify-self-end md:col-start-auto md:row-start-1\">\r\n        <span class=\"md:hidden lg:inline-block\">See more<\/span>\r\n        <svg width=\"14\" height=\"14\" viewBox=\"0 0 14 14\" fill=\"none\" xmlns=\"http:\/\/www.w3.org\/2000\/svg\">\r\n<path d=\"M1.26453 0.75H1.01453V1V1.74733V1.99733H1.26453H11.1201L0.823217 12.2949L0.646453 12.4717L0.823223 12.6484L1.35156 13.1768L1.52834 13.3536L1.70511 13.1768L12.0027 2.87923V12.7355V12.9855H12.2527H13H13.25V12.7355V1V0.75H13H1.26453Z\" fill=\"black\" stroke=\"black\" stroke-width=\"0.5\"\/>\r\n<\/svg>\r\n    <\/button>\r\n<\/a>            <a data-hide='false' class=\"offer || grid grid-cols-12 items-center relative gap-3 border-t-black\/30 border-t border-solid py-6 pb-16 col-start-1 || md:py-6 \" href=\" https:\/\/jobs.glowinthecloud.com\/westcliff\/20251006001\">\r\n    <p class=\"large-text || col-start-1 row-start-1 whitespace-normal col-span-full || md:col-span-5\">Directeur\/trice g\u00e9n\u00e9ral(e) &#8211; Centre commercial Sept-\u00celes<\/p>\r\n    <p data-category=\"Op\u00e9rations \/ Exploitation\" class=\"subtitle || row-start-2 whitespace-normal col-span-full || md:col-span-3 md:row-start-1\">Op\u00e9rations \/ Exploitation<\/p>\r\n    <p data-place=\"Sept-\u00celes\" class=\"subtitle || row-start-3 whitespace-normal col-span-full || md:col-span-2 md:row-start-1\">Sept-\u00celes<\/p>\r\n    <button class=\"btn-underline-arrow-black || absolute row-start-4 whitespace-nowrap || md:relative md:col-span-2 md:justify-self-end md:col-start-auto md:row-start-1\">\r\n        <span class=\"md:hidden lg:inline-block\">See more<\/span>\r\n        <svg width=\"14\" height=\"14\" viewBox=\"0 0 14 14\" fill=\"none\" xmlns=\"http:\/\/www.w3.org\/2000\/svg\">\r\n<path d=\"M1.26453 0.75H1.01453V1V1.74733V1.99733H1.26453H11.1201L0.823217 12.2949L0.646453 12.4717L0.823223 12.6484L1.35156 13.1768L1.52834 13.3536L1.70511 13.1768L12.0027 2.87923V12.7355V12.9855H12.2527H13H13.25V12.7355V1V0.75H13H1.26453Z\" fill=\"black\" stroke=\"black\" stroke-width=\"0.5\"\/>\r\n<\/svg>\r\n    <\/button>\r\n<\/a>            <a data-hide='false' class=\"offer || grid grid-cols-12 items-center relative gap-3 border-t-black\/30 border-t border-solid py-6 pb-16 col-start-1 || md:py-6 \" href=\" https:\/\/jobs.glowinthecloud.com\/westcliff\/20260226002\">\r\n    <p class=\"large-text || col-start-1 row-start-1 whitespace-normal col-span-full || md:col-span-5\">Conseiller(i\u00e8re) juridique<\/p>\r\n    <p data-category=\"L\u00e9gal\" class=\"subtitle || row-start-2 whitespace-normal col-span-full || md:col-span-3 md:row-start-1\">L\u00e9gal<\/p>\r\n    <p data-place=\"Montr\u00e9al\" class=\"subtitle || row-start-3 whitespace-normal col-span-full || md:col-span-2 md:row-start-1\">Montr\u00e9al<\/p>\r\n    <button class=\"btn-underline-arrow-black || absolute row-start-4 whitespace-nowrap || md:relative md:col-span-2 md:justify-self-end md:col-start-auto md:row-start-1\">\r\n        <span class=\"md:hidden lg:inline-block\">See more<\/span>\r\n        <svg width=\"14\" height=\"14\" viewBox=\"0 0 14 14\" fill=\"none\" xmlns=\"http:\/\/www.w3.org\/2000\/svg\">\r\n<path d=\"M1.26453 0.75H1.01453V1V1.74733V1.99733H1.26453H11.1201L0.823217 12.2949L0.646453 12.4717L0.823223 12.6484L1.35156 13.1768L1.52834 13.3536L1.70511 13.1768L12.0027 2.87923V12.7355V12.9855H12.2527H13H13.25V12.7355V1V0.75H13H1.26453Z\" fill=\"black\" stroke=\"black\" stroke-width=\"0.5\"\/>\r\n<\/svg>\r\n    <\/button>\r\n<\/a>            <a data-hide='false' class=\"offer || grid grid-cols-12 items-center relative gap-3 border-t-black\/30 border-t border-solid py-6 pb-16 col-start-1 || md:py-6 border-b-black\/30 border-b\" href=\" https:\/\/jobs.glowinthecloud.com\/westcliff\/20260226001\">\r\n    <p class=\"large-text || col-start-1 row-start-1 whitespace-normal col-span-full || md:col-span-5\">Parajuriste<\/p>\r\n    <p data-category=\"L\u00e9gal\" class=\"subtitle || row-start-2 whitespace-normal col-span-full || md:col-span-3 md:row-start-1\">L\u00e9gal<\/p>\r\n    <p data-place=\"Montr\u00e9al\" class=\"subtitle || row-start-3 whitespace-normal col-span-full || md:col-span-2 md:row-start-1\">Montr\u00e9al<\/p>\r\n    <button class=\"btn-underline-arrow-black || absolute row-start-4 whitespace-nowrap || md:relative md:col-span-2 md:justify-self-end md:col-start-auto md:row-start-1\">\r\n        <span class=\"md:hidden lg:inline-block\">See more<\/span>\r\n        <svg width=\"14\" height=\"14\" viewBox=\"0 0 14 14\" fill=\"none\" xmlns=\"http:\/\/www.w3.org\/2000\/svg\">\r\n<path d=\"M1.26453 0.75H1.01453V1V1.74733V1.99733H1.26453H11.1201L0.823217 12.2949L0.646453 12.4717L0.823223 12.6484L1.35156 13.1768L1.52834 13.3536L1.70511 13.1768L12.0027 2.87923V12.7355V12.9855H12.2527H13H13.25V12.7355V1V0.75H13H1.26453Z\" fill=\"black\" stroke=\"black\" stroke-width=\"0.5\"\/>\r\n<\/svg>\r\n    <\/button>\r\n<\/a>        <div class=\"no-offers || hidden body-text mt-6 text-darkblue text-center py-6 rounded-xl bg-blue\/10 border border-solid border-blue\">Sorry, no job matched your criteria.<\/div>\r\n<\/div>        <\/div>\r\n    <\/section>\r\n\n\n    <section class=\"images-description 1\"  id=\"images-description\" >\n        <div class=\"wrapper || lg:grid-col xl:mr-0 lg:gap-y-0\">\n                            <p class=\"subtitle-dot || mb-8 || lg:col-start-1 lg:col-end-3 lg:mt-[1.25rem]\">OUR VISION<\/p>\n                                        <p class=\"big-text || !font-silka || lg:col-start-3 lg:col-end-13 xl:col-start-5 xl:col-end-12 2xl:col-start-6\">We encourage our employees to develop their full potential and create a working environment where everyone is an integral part of a great community founded on integrity, respect, mutual assistance, and support.<\/p>\n                        <div class=\"relative rounded-xl my-20 thumbnail || lg:row-start-2 lg:col-start-5 lg:col-end-13 2xl:col-start-6\">\n                <div class=\"thumbnail w-full  rounded-xl  object-bottom\"  style=\"padding-bottom: 95.833333333333%\" >\r\n      <img decoding=\"async\" width=\"1600\" height=\"1067\" src=\"https:\/\/westcliff.ca\/wp-content\/uploads\/2023\/10\/Westcliff-376-2_finale.jpg\" class=\"no-lazy\" alt=\"\" srcset=\"https:\/\/westcliff.ca\/wp-content\/uploads\/2023\/10\/Westcliff-376-2_finale.jpg 2200w, https:\/\/westcliff.ca\/wp-content\/uploads\/2023\/10\/Westcliff-376-2_finale-300x200.jpg 300w, https:\/\/westcliff.ca\/wp-content\/uploads\/2023\/10\/Westcliff-376-2_finale-1024x683.jpg 1024w, https:\/\/westcliff.ca\/wp-content\/uploads\/2023\/10\/Westcliff-376-2_finale-150x100.jpg 150w, https:\/\/westcliff.ca\/wp-content\/uploads\/2023\/10\/Westcliff-376-2_finale-768x512.jpg 768w, https:\/\/westcliff.ca\/wp-content\/uploads\/2023\/10\/Westcliff-376-2_finale-1536x1024.jpg 1536w, https:\/\/westcliff.ca\/wp-content\/uploads\/2023\/10\/Westcliff-376-2_finale-2048x1366.jpg 2048w, https:\/\/westcliff.ca\/wp-content\/uploads\/2023\/10\/Westcliff-376-2_finale-1920x1280.jpg 1920w, https:\/\/westcliff.ca\/wp-content\/uploads\/2023\/10\/Westcliff-376-2_finale-900x600.jpg 900w, https:\/\/westcliff.ca\/wp-content\/uploads\/2023\/10\/Westcliff-376-2_finale-733x489.jpg 733w, https:\/\/westcliff.ca\/wp-content\/uploads\/2023\/10\/Westcliff-376-2_finale-1490x994.jpg 1490w, https:\/\/westcliff.ca\/wp-content\/uploads\/2023\/10\/Westcliff-376-2_finale-1186x791.jpg 1186w, https:\/\/westcliff.ca\/wp-content\/uploads\/2023\/10\/Westcliff-376-2_finale-1100x734.jpg 1100w, https:\/\/westcliff.ca\/wp-content\/uploads\/2023\/10\/Westcliff-376-2_finale-800x533.jpg 800w, https:\/\/westcliff.ca\/wp-content\/uploads\/2023\/10\/Westcliff-376-2_finale-581x387.jpg 581w, https:\/\/westcliff.ca\/wp-content\/uploads\/2023\/10\/Westcliff-376-2_finale-472x315.jpg 472w, https:\/\/westcliff.ca\/wp-content\/uploads\/2023\/10\/Westcliff-376-2_finale-430x287.jpg 430w, https:\/\/westcliff.ca\/wp-content\/uploads\/2023\/10\/Westcliff-376-2_finale-580x387.jpg 580w, https:\/\/westcliff.ca\/wp-content\/uploads\/2023\/10\/Westcliff-376-2_finale-450x300.jpg 450w, https:\/\/westcliff.ca\/wp-content\/uploads\/2023\/10\/Westcliff-376-2_finale-180x120.jpg 180w, https:\/\/westcliff.ca\/wp-content\/uploads\/2023\/10\/Westcliff-376-2_finale-123x82.jpg 123w, https:\/\/westcliff.ca\/wp-content\/uploads\/2023\/10\/Westcliff-376-2_finale-327x218.jpg 327w, https:\/\/westcliff.ca\/wp-content\/uploads\/2023\/10\/Westcliff-376-2_finale-252x168.jpg 252w\" sizes=\"(max-width: 1600px) 100vw, 1600px\" \/>  <\/div>                                    <div class=\"mt-20 wysiwyg-images-description || lg:row-start-3 lg:col-start-1 lg:col-end-13 xl:col-start-5 xl:col-end-12 2xl:col-start-6\">\n                        <p>We offer many opportunities for advancement, development, and ongoing training. Not only are our managers approachable and responsive, but they also encourage all employees to take initiative, share their ideas, and actively contribute to our collective success.<\/p>\n<p>We believe in our employees and are happy to see people rise through the ranks. Our corporate culture is based on human and family values and fosters an inclusive and open environment. Westcliff is proud to offer competitive benefits and, above all, promote work-life balance.<\/p>\n                    <\/div>\n                            <\/div>\n            <div class=\"overflow-hidden flex relative thumbnail rounded-xl mt-16 || lg:row-start-2 lg:col-start-1 lg:col-end-5 xl:mt-[304px] 2xl:col-end-6\">\n                <div class=\"thumbnail w-full  rounded-xl \"  style=\"padding-bottom: 123.21428571429%\" >\r\n      <img decoding=\"async\" width=\"1467\" height=\"2200\" src=\"https:\/\/westcliff.ca\/wp-content\/uploads\/2023\/10\/AH6A7321_finale-e1697653267577.jpg\" class=\"no-lazy\" alt=\"\" \/>  <\/div>            <\/div>\n        <\/div>\n    <\/section>\n\n\n\r\n    <section class=\"CTA || mt-0 mb-0 pt-[100px] pb-6 || xmd:py-16 bg-midnightblue ||\"  id=\"cta\" >\r\n        <div class=\"wrapper || text-white || xmd:grid-col xmd:items-center\">\r\n            <div class=\"flex flex-col mb-16 || xmd:mb-0 xmd:col-start-1 xmd:col-end-6 lg:col-end-8 xl:col-end-8\">\r\n                <div class=\"mb-10 || xl:mb-4 xl:mr-10 2xl:mr-20\">\r\n                                            <p class=\"subtitle || max-w-[225px] leading-5\">About<\/p>\r\n                                    <\/div>\r\n                <div>\r\n                                            <h2 class=\"text-h2 || mb-8 || lg:mb-10\">Expertise built over more than 50 years<\/h2>\r\n                                                                    <a href=\"https:\/\/westcliff.ca\/en\/a-propos\/\" class=\"btn-underline-arrow-white\" target=\"\">\r\n        <span>Learn more<\/span>\r\n        <svg\r\n  width=\"14\"\r\n  height=\"14\"\r\n  viewBox=\"0 0 14 14\"\r\n  fill=\"none\"\r\n  xmlns=\"http:\/\/www.w3.org\/2000\/svg\"\r\n>\r\n<path\r\n    d=\"M1.26453 0.75H1.01453V1V1.74733V1.99733H1.26453H11.1201L0.823217 12.2949L0.646453 12.4717L0.823223 12.6484L1.35156 13.1768L1.52834 13.3536L1.70511 13.1768L12.0027 2.87923V12.7355V12.9855H12.2527H13H13.25V12.7355V1V0.75H13H1.26453Z\"\r\n    fill=\"white\"\r\n    stroke=\"white\"\r\n    stroke-width=\"0.5\"\r\n  \/>\r\n<\/svg>\r\n    <\/a>\r\n                                    <\/div>\r\n            <\/div>\r\n                            <div class=\"w-full h-full max-w-[472px] || xmd:col-start-7 xmd:col-end-13 lg:col-start-8 xl:col-start-9 justify-self-end\">\r\n                    <img decoding=\"async\" data-src=\"https:\/\/westcliff.ca\/wp-content\/uploads\/2023\/10\/Westcliff-a-propos-v2.png\" alt=\"image-cta\" class=\"rounded-[12px] h-full aspect-square object-cover w-full lazyload\" src=\"data:image\/svg+xml;base64,PHN2ZyB3aWR0aD0iMSIgaGVpZ2h0PSIxIiB4bWxucz0iaHR0cDovL3d3dy53My5vcmcvMjAwMC9zdmciPjwvc3ZnPg==\" style=\"--smush-placeholder-width: 1000px; --smush-placeholder-aspect-ratio: 1000\/850;\">\r\n                <\/div>\r\n                    <\/div>\r\n    <\/section>\r\n","protected":false},"excerpt":{"rendered":"","protected":false},"author":1,"featured_media":1256,"parent":0,"menu_order":0,"comment_status":"closed","ping_status":"closed","template":"","meta":{"_acf_changed":false,"footnotes":""},"class_list":["post-636","page","type-page","status-publish","has-post-thumbnail","hentry"],"acf":[],"_links":{"self":[{"href":"https:\/\/westcliff.ca\/en\/wp-json\/wp\/v2\/pages\/636","targetHints":{"allow":["GET"]}}],"collection":[{"href":"https:\/\/westcliff.ca\/en\/wp-json\/wp\/v2\/pages"}],"about":[{"href":"https:\/\/westcliff.ca\/en\/wp-json\/wp\/v2\/types\/page"}],"author":[{"embeddable":true,"href":"https:\/\/westcliff.ca\/en\/wp-json\/wp\/v2\/users\/1"}],"replies":[{"embeddable":true,"href":"https:\/\/westcliff.ca\/en\/wp-json\/wp\/v2\/comments?post=636"}],"version-history":[{"count":0,"href":"https:\/\/westcliff.ca\/en\/wp-json\/wp\/v2\/pages\/636\/revisions"}],"wp:featuredmedia":[{"embeddable":true,"href":"https:\/\/westcliff.ca\/en\/wp-json\/wp\/v2\/media\/1256"}],"wp:attachment":[{"href":"https:\/\/westcliff.ca\/en\/wp-json\/wp\/v2\/media?parent=636"}],"curies":[{"name":"wp","href":"https:\/\/api.w.org\/{rel}","templated":true}]}}